{"id":409383,"date":"2025-05-08T09:07:03","date_gmt":"2025-05-08T07:07:03","guid":{"rendered":"https:\/\/web-ressources.ch\/referencement-naturel-google\/prix\/"},"modified":"2025-08-16T08:35:14","modified_gmt":"2025-08-16T06:35:14","slug":"cost","status":"publish","type":"page","link":"https:\/\/web-ressources.ch\/en\/search-engine-optimization\/cost\/","title":{"rendered":"How much does good SEO cost?"},"content":{"rendered":"<h1><span class=\"ez-toc-section\" id=\"Natural_referencing_cost\"><\/span>Natural referencing cost<br \/>\n<span class=\"ez-toc-section-end\"><\/span><\/h1>\n<div>\n<p>Be prepared to invest in your SEO if you want real results.<\/p>\n<\/div>\n<div>\n<p>SEO is often misperceived as simply an expense to be added to the list of marketing expenses. In reality, SEO is a genuine investment, designed to generate lasting and measurable results. Yet, the question  \u00ab How much does good SEO cost?\u00bb comes up regularly. The real answer: it depends entirely on your goals, your current situation, and your willingness to seriously invest in your digital growth.<\/p>\n<h2><span class=\"ez-toc-section\" id=\"SEO_a_strategic_lever\"><\/span>SEO: a strategic lever<span class=\"ez-toc-section-end\"><\/span><\/h2>\n<p>Unlike paid advertising, where visibility disappears as soon as the budget is cut, SEO allows you to build a lasting asset. It&#8217;s not about paying to be seen for a few days, but about building a solid presence that continues to generate traffic and leads month after month, year after year.\n<\/p>\n<p><strong>The <a href=\"https:\/\/web-ressources.ch\/en\/search-engine-optimization\/\">natural referencing<\/a> creates cumulative results<\/strong>. Every action you take today\u2014technical optimization, content creation, acquiring quality links\u2014strengthens your site for the future.\n<\/p>\n<p><strong>SEO naturally filters your prospects<br \/>\n<\/strong> : By appearing on key queries in your sector, you attract visitors already interested in your products or services.<\/p>\n<h2><span class=\"ez-toc-section\" id=\"Good_SEO_a_serious_investment\"><\/span>Good SEO = a serious investment<span class=\"ez-toc-section-end\"><\/span><\/h2>\n<p>SEO is not a set of little \u00ab stuff \u00bb quick ones that are applied once and for all. It is a complete ecosystem that requires:<\/p>\n<p><strong>An in-depth strategic analysis<br \/>\n<\/strong> : understand your market, your competitors and the expectations of your potential customers to develop your <a href=\"https:\/\/web-ressources.ch\/en\/search-engine-optimization\/french-speaking-switzerland\/\">SEO local<br \/>\n<\/a>and international.<\/p>\n<p><strong>Rigorous technical optimization<br \/>\n<\/strong> : Site speed, mobile compatibility, structure, security\u2026 Without a solid technical foundation, even the best content will not be visible.<\/p>\n<p><strong>Creating quality content<br \/>\n<\/strong> : respond to your customers&#8217; search intentions with relevant text, images and videos.<\/p>\n<p><strong>The development of notoriety<br \/>\n<\/strong> : get quality inbound links (backlinks) to strengthen your authority on the web.<\/p>\n<p><strong>Constant monitoring and adjustments<\/strong> : Search engines are constantly evolving. What works today needs to be monitored, measured, and adjusted regularly.<\/p>\n<h2><span class=\"ez-toc-section\" id=\"A_budget_adapted_to_your_ambitions\"><\/span>A budget adapted to your ambitions<span class=\"ez-toc-section-end\"><\/span><\/h2>\n<p>Every business is unique. Your goals, your current Google ranking, your market, and the competition will determine the amount of work required. Therefore, setting a generic price would not only be unrealistic but also counterproductive.<\/p>\n<p>Good SEO can&#8217;t be a one-size-fits-all package. If you&#8217;re looking for a serious, personalized approach, your budget should be tailored to your goals.<\/p>\n<h2><span class=\"ez-toc-section\" id=\"The_pitfalls_of_SEO_offers_%C2%AB_cheap_%C2%BB\"><\/span>The pitfalls of SEO offers \u00ab cheap \u00bb<span class=\"ez-toc-section-end\"><\/span><\/h2>\n<p>Many businesses have been lured by low-cost offers promising quick results. The problem? These methods often use outdated or risky techniques (keyword over-optimization, artificial links, duplicate content) that can penalize your site in the long run.<\/p>\n<p><strong>Poor SEO can cost far more to fix than the initial cost saved.<\/strong>.<\/p>\n<p>If your priority is to \u00ab pay as little as possible \u00bb,SEO may not be the right tool for you. SEO requires a financial and time commitment consistent with the expected results.<\/p>\n<h2><span class=\"ez-toc-section\" id=\"SEO_a_long-term_partnership\"><\/span>SEO: a long-term partnership<span class=\"ez-toc-section-end\"><\/span><\/h2>\n<p>Working with an SEO expert is not limited to<br \/>\n \u00ab make some adjustments \u00bb. It&#8217;s a gradual, structured approach that takes time and effort to achieve. As with any business strategy, solid results require time and consistent work.\n<\/p>\n<p><strong>A good SEO professional acts as a partner<\/strong> : he understands your business objectives, adapts the strategy to your development and advises you with transparency.\n<\/p>\n<p><strong>The first results can sometimes take a few months<\/strong>,But once in place, the cumulative benefits of SEO far outweigh the initial investment. If you need fast results, you will need to do some <a href=\"https:\/\/web-ressources.ch\/en\/search-engine-optimization\/seo-vs-ads\/\">Google ads with SEO<\/a>.<\/p>\n<p><span>I am working on the\u00a0<\/span><a href=\"https:\/\/web-ressources.ch\/en\/website-creation\/vaud\/lausanne\/\"> website creation in Lausanne<\/a><span>mainly, but with today&#8217;s technologies it&#8217;s easy to help you build your site anywhere in the world and I would be happy to help you climb in the search results.<br \/>\n<\/span><\/p>\n<\/div>\n<div>\n<p>        <img decoding=\"async\" src=\"\/wp-content\/uploads\/2024\/07\/Portrait-Frederic-Bianchi-3.jpg\" alt=\"Cr\u00e9ation site internet Lausanne par Fr\u00e9d\u00e9ric Bianchi\" title=\"\"><\/p>\n<h3>Do you have a serious project? Let&#8217;s talk about it.<\/h3>\n<div>\n<p data-start=\"158\" data-end=\"523\">Every business is different, and every SEO strategy should be tailored to your goals, market, and resources.<br data-start=\"313\" data-end=\"316\" \/>If you&#8217;re interested in improving your visibility on Google or simply understanding how SEO can help your business grow, I&#8217;d love to chat with you over coffee or via video.\n<\/p>\n<p data-start=\"525\" data-end=\"764\">I&#8217;ll provide you with an expert, caring, and honest perspective on your situation, without unnecessary jargon. My goal: to help you make the right choices, from the start, so that your online presence becomes a real driver of growth.<\/p>\n<p data-start=\"766\" data-end=\"843\">So, ready to boost your visibility and attract more qualified customers?<\/p>\n<p data-start=\"845\" data-end=\"879\"><strong data-start=\"845\" data-end=\"879\">Contact me now!<\/strong><\/p>\n<p data-start=\"881\" data-end=\"912\">Yours sincerely,<br data-start=\"893\" data-end=\"896\" \/>Fr\u00e9d\u00e9ric Bianchi<\/p>\n<\/div>\n<p><a href=\"https:\/\/web-ressources.ch\/en\/schedule-a-call\/\">Start the adventure<\/a><\/p>\n<\/div>\n<h2><span class=\"ez-toc-section\" id=\"Customer_Testimonials\"><\/span>Customer Testimonials<br \/>\n<span class=\"ez-toc-section-end\"><\/span><\/h2>\n<div>\n<div data-src=\"https:\/\/cdn.trustindex.io\/loader.js?37b4a1536a64294926665039cfe\"><\/div><\/div>\n<div>\n<div id=\"ez-toc-container\" class=\"ez-toc-v2_0_82_2 counter-hierarchy ez-toc-counter ez-toc-custom ez-toc-container-direction\">\n<div class=\"ez-toc-title-container\">\n<p class=\"ez-toc-title\" style=\"cursor:inherit\">Table des mati\u00e8res<\/p>\n<span class=\"ez-toc-title-toggle\"><\/span><\/div>\n<nav><ul class='ez-toc-list ez-toc-list-level-1 ' ><li class='ez-toc-page-1 ez-toc-heading-level-1'><a class=\"ez-toc-link ez-toc-heading-1\" href=\"https:\/\/web-ressources.ch\/en\/search-engine-optimization\/cost\/#Natural_referencing_cost\" >Natural referencing cost<\/a><ul class='ez-toc-list-level-2' ><li class='ez-toc-heading-level-2'><a class=\"ez-toc-link ez-toc-heading-2\" href=\"https:\/\/web-ressources.ch\/en\/search-engine-optimization\/cost\/#SEO_a_strategic_lever\" >SEO: a strategic lever<\/a><\/li><li class='ez-toc-page-1 ez-toc-heading-level-2'><a class=\"ez-toc-link ez-toc-heading-3\" href=\"https:\/\/web-ressources.ch\/en\/search-engine-optimization\/cost\/#Good_SEO_a_serious_investment\" >Good SEO = a serious investment<\/a><\/li><li class='ez-toc-page-1 ez-toc-heading-level-2'><a class=\"ez-toc-link ez-toc-heading-4\" href=\"https:\/\/web-ressources.ch\/en\/search-engine-optimization\/cost\/#A_budget_adapted_to_your_ambitions\" >A budget adapted to your ambitions<\/a><\/li><li class='ez-toc-page-1 ez-toc-heading-level-2'><a class=\"ez-toc-link ez-toc-heading-5\" href=\"https:\/\/web-ressources.ch\/en\/search-engine-optimization\/cost\/#The_pitfalls_of_SEO_offers_%C2%AB_cheap_%C2%BB\" >The pitfalls of SEO offers \u00ab cheap \u00bb<\/a><\/li><li class='ez-toc-page-1 ez-toc-heading-level-2'><a class=\"ez-toc-link ez-toc-heading-6\" href=\"https:\/\/web-ressources.ch\/en\/search-engine-optimization\/cost\/#SEO_a_long-term_partnership\" >SEO: a long-term partnership<\/a><\/li><li class='ez-toc-page-1 ez-toc-heading-level-2'><a class=\"ez-toc-link ez-toc-heading-7\" href=\"https:\/\/web-ressources.ch\/en\/search-engine-optimization\/cost\/#Customer_Testimonials\" >Customer Testimonials<\/a><\/li><\/ul><\/li><\/ul><\/nav><\/div>\n<\/div>\n<\/p>\n<p><!--more--><br \/>\n<!-- {\"type\":\"layout\",\"children\":[{\"type\":\"section\",\"props\":{\"divider_height\":\"120\",\"divider_layers_gap\":\"5\",\"divider_layers_opacity\":\"0.5\",\"divider_position\":\"top\",\"divider_responsive\":true,\"divider_shadow_blur_radius\":\"5\",\"divider_shadow_color\":\"#00000080\",\"divider_shadow_offset_x\":\"0\",\"divider_shadow_offset_y\":\"5\",\"divider_width\":\"100\",\"image\":\"wp-content\\\/uploads\\\/2024\\\/10\\\/marteau-2.webp\",\"image_loading\":true,\"image_position\":\"center-center\",\"image_size\":\"cover\",\"padding\":\"responsive\",\"padding_custom_bottom\":\"70\",\"padding_custom_top\":\"70\",\"responsive_padding_bottom_d\":\"100\",\"responsive_padding_bottom_l\":\"70\",\"responsive_padding_bottom_m\":\"200\",\"responsive_padding_bottom_s\":\"40\",\"responsive_padding_bottom_xl\":\"70\",\"responsive_padding_inherit_l\":true,\"responsive_padding_inherit_s\":true,\"responsive_padding_inherit_xl\":true,\"responsive_padding_top_d\":\"100\",\"responsive_padding_top_l\":\"70\",\"responsive_padding_top_m\":\"200\",\"responsive_padding_top_s\":\"40\",\"responsive_padding_top_xl\":\"70\",\"style\":\"default\",\"style_custom_color\":\"#ccc\",\"title_breakpoint\":\"xl\",\"title_position\":\"top-left\",\"title_rotation\":\"left\",\"vertical_align\":\"middle\",\"width\":\"default\"},\"children\":[{\"type\":\"row\",\"children\":[{\"type\":\"column\",\"props\":{\"css\":\".uk-card-default.uk-card.uk-card-body {\\n    background-color: #ffffffd9;\\n    border-radius: 3px;\\n}\",\"image_position\":\"center-center\",\"position_sticky_breakpoint\":\"m\",\"style\":\"card-default\"},\"children\":[{\"type\":\"headline\",\"props\":{\"content\":\"Natural referencing cost\\n\",\"margin_remove_bottom\":true,\"text_align\":\"center\",\"title_element\":\"h1\"}},{\"type\":\"text\",\"props\":{\"column_breakpoint\":\"m\",\"content\":\"\n\n<p>Be prepared to invest in your SEO if you want real results.<\\\/p>\",\"margin\":\"default\",\"text_align\":\"center\"}}]}],\"props\":{\"width\":\"xsmall\"}}],\"name\":\"Header sous pages\"},{\"type\":\"section\",\"props\":{\"image_position\":\"center-center\",\"padding_remove_bottom\":false,\"style\":\"default\",\"title_breakpoint\":\"xl\",\"title_position\":\"top-left\",\"title_rotation\":\"left\",\"vertical_align\":\"middle\",\"width\":\"default\"},\"children\":[{\"type\":\"row\",\"children\":[{\"type\":\"column\",\"props\":{\"image_position\":\"center-center\",\"position_sticky_breakpoint\":\"m\"},\"children\":[{\"type\":\"text\",\"props\":{\"column_breakpoint\":\"m\",\"content\":\"\n\n<p>SEO is often misperceived as simply an expense to be added to the list of marketing expenses. In reality, SEO is a genuine investment, designed to generate lasting and measurable results. Yet, the question  \\u00ab How much does good SEO cost?\\u00bb comes up regularly. The real answer: it depends entirely on your goals, your current situation, and your willingness to seriously invest in your digital growth.<\\\/p>\\n\n\n<h2>SEO: a strategic lever<\\\/h2>\\n\n\n<p>Unlike paid advertising, where visibility disappears as soon as the budget is cut, SEO allows you to build a lasting asset. It's not about paying to be seen for a few days, but about building a solid presence that continues to generate traffic and leads month after month, year after year.\\n<\\\/p>\\n\n\n<p><strong>The <a href=\\\"https:\\\/\\\/web-ressources.ch\\\/referencement-naturel-google\\\/\\\">natural referencing<\\\/a> creates cumulative results<\\\/strong>. Every action you take today\\u2014technical optimization, content creation, acquiring quality links\\u2014strengthens your site for the future.\\n<\\\/p>\\n\n\n<p><strong>SEO naturally filters your prospects\\n<\\\/strong> : By appearing on key queries in your sector, you attract visitors already interested in your products or services.<\\\/p>\\n\n\n<h2>Good SEO = a serious investment<\\\/h2>\\n\n\n<p>SEO is not a set of little \\u00ab stuff \\u00bb quick ones that are applied once and for all. It is a complete ecosystem that requires:<\\\/p>\\n\n\n<p><strong>An in-depth strategic analysis\\n<\\\/strong> : understand your market, your competitors and the expectations of your potential customers to develop your <a href=\\\"https:\\\/\\\/web-ressources.ch\\\/referencement-naturel-google\\\/suisse-romande\\\/\\\">SEO local\\n<\\\/a>and international.<\\\/p>\\n\n\n<p><strong>Rigorous technical optimization\\n<\\\/strong> : Site speed, mobile compatibility, structure, security\\u2026 Without a solid technical foundation, even the best content will not be visible.<\\\/p>\\n\n\n<p><strong>Creating quality content\\n<\\\/strong> : respond to your customers' search intentions with relevant text, images and videos.<\\\/p>\\n\n\n<p><strong>The development of notoriety\\n<\\\/strong> : get quality inbound links (backlinks) to strengthen your authority on the web.<\\\/p>\\n\n\n<p><strong>Constant monitoring and adjustments<\\\/strong> : Search engines are constantly evolving. What works today needs to be monitored, measured, and adjusted regularly.<\\\/p>\\n\n\n<h2>A budget adapted to your ambitions<\\\/h2>\\n\n\n<p>Every business is unique. Your goals, your current Google ranking, your market, and the competition will determine the amount of work required. Therefore, setting a generic price would not only be unrealistic but also counterproductive.<\\\/p>\\n\n\n<p>Good SEO can't be a one-size-fits-all package. If you're looking for a serious, personalized approach, your budget should be tailored to your goals.<\\\/p>\\n\n\n<h2>The pitfalls of SEO offers \\u00ab cheap \\u00bb<\\\/h2>\\n\n\n<p>Many businesses have been lured by low-cost offers promising quick results. The problem? These methods often use outdated or risky techniques (keyword over-optimization, artificial links, duplicate content) that can penalize your site in the long run.<\\\/p>\\n\n\n<p><strong>Poor SEO can cost far more to fix than the initial cost saved.<\\\/strong>.<\\\/p>\\n\n\n<p>If your priority is to \\u00ab pay as little as possible \\u00bb,SEO may not be the right tool for you. SEO requires a financial and time commitment consistent with the expected results.<\\\/p>\\n\n\n<h2>SEO: a long-term partnership<\\\/h2>\\n\n\n<p>Working with an SEO expert is not limited to\\n \\u00ab make some adjustments \\u00bb. It's a gradual, structured approach that takes time and effort to achieve. As with any business strategy, solid results require time and consistent work.\\n<\\\/p>\\n\n\n<p><strong>A good SEO professional acts as a partner<\\\/strong> : he understands your business objectives, adapts the strategy to your development and advises you with transparency.\\n<\\\/p>\\n\n\n<p><strong>The first results can sometimes take a few months<\\\/strong>,But once in place, the cumulative benefits of SEO far outweigh the initial investment. If you need fast results, you will need to do some <a href=\\\"https:\\\/\\\/web-ressources.ch\\\/referencement-naturel-google\\\/seo-vs-ads\\\/\\\">Google ads with SEO<\\\/a>.<\\\/p>\\n\n\n<p><span>I am working on the\\u00a0<\\\/span><a href=\\\"https:\\\/\\\/web-ressources.ch\\\/creation-site-internet\\\/vaud\\\/lausanne\\\/\\\"> website creation in Lausanne<\\\/a><span>mainly, but with today's technologies it's easy to help you build your site anywhere in the world and I would be happy to help you climb in the search results.\\n<\\\/span><\\\/p>\",\"margin\":\"default\"}}]}]}]},{\"type\":\"section\",\"props\":{\"divider_height\":\"120\",\"divider_layers_gap\":\"5\",\"divider_layers_opacity\":\"0.5\",\"divider_position\":\"top\",\"divider_responsive\":true,\"divider_shadow_blur_radius\":\"5\",\"divider_shadow_color\":\"#00000080\",\"divider_shadow_offset_x\":\"0\",\"divider_shadow_offset_y\":\"5\",\"divider_width\":\"100\",\"id\":\"contact\",\"image_position\":\"center-center\",\"padding_custom_bottom\":\"70\",\"padding_custom_top\":\"70\",\"style\":\"muted\",\"style_custom_color\":\"#ccc\",\"title_breakpoint\":\"xl\",\"title_position\":\"top-left\",\"title_rotation\":\"left\",\"vertical_align\":\"middle\",\"width\":\"default\"},\"children\":[{\"type\":\"row\",\"children\":[{\"type\":\"column\",\"props\":{\"image_position\":\"center-center\",\"position_sticky_breakpoint\":\"m\"},\"children\":[{\"type\":\"panel\",\"props\":{\"content\":\"\n\n<p data-start=\\\"158\\\" data-end=\\\"523\\\">Every business is different, and every SEO strategy should be tailored to your goals, market, and resources.<br data-start=\\\"313\\\" data-end=\\\"316\\\" \\\/>If you're interested in improving your visibility on Google or simply understanding how SEO can help your business grow, I'd love to chat with you over coffee or via video.\\n<\\\/p>\\n\n\n<p data-start=\\\"525\\\" data-end=\\\"764\\\">I'll provide you with an expert, caring, and honest perspective on your situation, without unnecessary jargon. My goal: to help you make the right choices, from the start, so that your online presence becomes a real driver of growth.<\\\/p>\\n\n\n<p data-start=\\\"766\\\" data-end=\\\"843\\\">So, ready to boost your visibility and attract more qualified customers?<\\\/p>\\n\n\n<p data-start=\\\"845\\\" data-end=\\\"879\\\"><strong data-start=\\\"845\\\" data-end=\\\"879\\\">Contact me now!<\\\/strong><\\\/p>\\n\n\n<p data-start=\\\"881\\\" data-end=\\\"912\\\">Yours sincerely,<br data-start=\\\"893\\\" data-end=\\\"896\\\" \\\/>Fr\\u00e9d\\u00e9ric Bianchi<\\\/p>\",\"content_column_breakpoint\":\"m\",\"icon_width\":80,\"image\":\"wp-content\\\/uploads\\\/2024\\\/07\\\/Portrait-Frederic-Bianchi-3.jpg\",\"image_align\":\"right\",\"image_alt\":\"Cr\\u00e9ation site internet Lausanne par Fr\\u00e9d\\u00e9ric Bianchi\",\"image_border\":\"rounded\",\"image_box_shadow\":\"medium\",\"image_grid_breakpoint\":\"m\",\"image_grid_width\":\"1-4\",\"image_svg_color\":\"emphasis\",\"image_vertical_align\":true,\"link\":\"\\\/planifier-un-appel\\\/\",\"link_style\":\"primary\",\"link_text\":\"Start the adventure\",\"margin\":\"default\",\"meta_align\":\"below-title\",\"meta_element\":\"div\",\"meta_style\":\"text-meta\",\"title\":\"Do you have a serious project? Let's talk about it.\",\"title_align\":\"top\",\"title_element\":\"h3\",\"title_grid_breakpoint\":\"m\",\"title_grid_width\":\"1-2\",\"title_hover_style\":\"reset\",\"title_style\":\"h2\"}}]}]}],\"name\":\"Bloc texte et Audit offert\"},{\"type\":\"section\",\"props\":{\"divider_height\":\"120\",\"divider_layers_gap\":\"5\",\"divider_layers_opacity\":\"0.5\",\"divider_position\":\"top\",\"divider_responsive\":true,\"divider_shadow_blur_radius\":\"5\",\"divider_shadow_color\":\"#00000080\",\"divider_shadow_offset_x\":\"0\",\"divider_shadow_offset_y\":\"5\",\"divider_width\":\"100\",\"image_position\":\"center-center\",\"padding_custom_bottom\":\"70\",\"padding_custom_top\":\"70\",\"style\":\"default\",\"style_custom_color\":\"#ccc\",\"title_breakpoint\":\"xl\",\"title_position\":\"top-left\",\"title_rotation\":\"left\",\"vertical_align\":\"middle\",\"width\":\"default\"},\"children\":[{\"type\":\"row\",\"children\":[{\"type\":\"column\",\"props\":{\"image_position\":\"center-center\",\"position_sticky_breakpoint\":\"m\"},\"children\":[{\"type\":\"headline\",\"props\":{\"content\":\"Customer Testimonials\\n\",\"text_align\":\"center\",\"title_element\":\"h2\"},\"name\":\"H2 t\\u00e9moignages\"},{\"type\":\"html\",\"props\":{\"content\":\"[trustindex data-widget-id=37b4a1536a64294926665039cfe]\"},\"name\":\"Avis Trustindex\"},{\"type\":\"fs_modal\",\"props\":{\"css\":\".el-element {\\n  position: fixed;\\n  right: 15px;\\n  top: 25%;\\n  transform: rotate(-90deg);\\n  transform-origin: right center;\\n  z-index: 1;\\n}\\n.el-modal-button {\\n    line-height: 30px;\\n    border-bottom-left-radius: 0px;\\n    border-bottom-right-radius: 0px;\\n}\",\"edit_mode\":false,\"link_icon\":\"\",\"link_icon_align\":\"left\",\"link_style\":\"primary\",\"link_text\":\"Sommaire\",\"margin\":\"default\",\"modal_close_position\":\"default\",\"modal_container\":\"\",\"show_link\":true},\"children\":[{\"type\":\"row\",\"children\":[{\"type\":\"column\",\"props\":{\"image_position\":\"center-center\",\"position_sticky_breakpoint\":\"m\"},\"children\":[{\"type\":\"html\",\"props\":{\"content\":\"[ez-toc]\"}}]}]}],\"name\":\"Modal avec TOC\"}]}]}]},{\"type\":\"section\",\"props\":{\"divider_height\":\"120\",\"divider_layers_gap\":\"5\",\"divider_layers_opacity\":\"0.5\",\"divider_position\":\"top\",\"divider_responsive\":true,\"divider_shadow_blur_radius\":\"5\",\"divider_shadow_color\":\"#00000080\",\"divider_shadow_offset_x\":\"0\",\"divider_shadow_offset_y\":\"5\",\"divider_width\":\"100\",\"image_position\":\"center-center\",\"padding_custom_bottom\":\"70\",\"padding_custom_top\":\"70\",\"style\":\"muted\",\"style_custom_color\":\"#ccc\",\"title_breakpoint\":\"xl\",\"title_position\":\"top-left\",\"title_rotation\":\"left\",\"vertical_align\":\"middle\",\"width\":\"default\"},\"children\":[{\"type\":\"row\",\"children\":[{\"type\":\"column\",\"props\":{\"image_position\":\"center-center\",\"position_sticky_breakpoint\":\"m\"},\"children\":[{\"type\":\"subnav\",\"children\":[{\"type\":\"subnav_item\",\"source\":{\"query\":{\"name\":\"customMenuItems\",\"arguments\":{\"id\":40,\"parent\":\"\",\"heading\":\"\",\"include_heading\":true}},\"props\":{\"content\":{\"filters\":{\"search\":\"\"},\"name\":\"title\"},\"link\":{\"filters\":{\"search\":\"\"},\"name\":\"url\"}}}}],\"props\":{\"subnav_style\":\"divider\",\"text_align\":\"center\"},\"name\":\"Subnav - cr\\u00e9ation site internet\"}]}]}],\"name\":\"Sous menu sous pages\"}],\"version\":\"4.5.19\",\"yooessentialsVersion\":\"2.3.12\"} --><\/p>\n","protected":false},"excerpt":{"rendered":"<p>Natural referencing cost Be prepared to invest in your SEO if you want real results. SEO is often misperceived as simply an expense to be added to the list of marketing expenses. In reality, SEO is a genuine investment, designed to generate lasting and measurable results. Yet, the question \u00ab How much does good SEO [&hellip;]<\/p>\n","protected":false},"author":1,"featured_media":0,"parent":409381,"menu_order":0,"comment_status":"closed","ping_status":"closed","template":"","meta":{"_acf_changed":false,"footnotes":""},"class_list":["post-409383","page","type-page","status-publish","hentry"],"acf":[],"_links":{"self":[{"href":"https:\/\/web-ressources.ch\/en\/wp-json\/wp\/v2\/pages\/409383","targetHints":{"allow":["GET"]}}],"collection":[{"href":"https:\/\/web-ressources.ch\/en\/wp-json\/wp\/v2\/pages"}],"about":[{"href":"https:\/\/web-ressources.ch\/en\/wp-json\/wp\/v2\/types\/page"}],"author":[{"embeddable":true,"href":"https:\/\/web-ressources.ch\/en\/wp-json\/wp\/v2\/users\/1"}],"replies":[{"embeddable":true,"href":"https:\/\/web-ressources.ch\/en\/wp-json\/wp\/v2\/comments?post=409383"}],"version-history":[{"count":8,"href":"https:\/\/web-ressources.ch\/en\/wp-json\/wp\/v2\/pages\/409383\/revisions"}],"predecessor-version":[{"id":409961,"href":"https:\/\/web-ressources.ch\/en\/wp-json\/wp\/v2\/pages\/409383\/revisions\/409961"}],"up":[{"embeddable":true,"href":"https:\/\/web-ressources.ch\/en\/wp-json\/wp\/v2\/pages\/409381"}],"wp:attachment":[{"href":"https:\/\/web-ressources.ch\/en\/wp-json\/wp\/v2\/media?parent=409383"}],"curies":[{"name":"wp","href":"https:\/\/api.w.org\/{rel}","templated":true}]}}