{"id":409364,"date":"2024-06-05T09:34:46","date_gmt":"2024-06-05T07:34:46","guid":{"rendered":"https:\/\/web-ressources.ch\/mentions-legales\/"},"modified":"2025-06-09T08:56:16","modified_gmt":"2025-06-09T06:56:16","slug":"legal-notices","status":"publish","type":"page","link":"https:\/\/web-ressources.ch\/en\/legal-notices\/","title":{"rendered":"Legal notices"},"content":{"rendered":"<h1>Legal notices<br \/>\n<\/h1>\n<div>\n<p>This site is edited by Fr\u00e9d\u00e9ric Bianchi<\/p>\n<p>Web Resources, Fr\u00e9d\u00e9ric Bianchi<br \/>Ch. du Sal\u00e8ve 9<br \/>1004 Lausanne<br \/>Switzerland<br \/>Email : frederic.bianchi@web-ressources.ch<\/p>\n<p>Vaud Canton Commercial Register Number &#8211; IDE\/UID: CHE-114.699.961.<br \/>Publication manager: Fr\u00e9d\u00e9ric Bianchi <br \/>This site is hosted by Infomaniak Network SA<br \/>26, av. de La Praille<br \/>CH &#8211; 1227 Carouge<\/p>\n<\/div>\n<p><!--more--><br \/>\n<!-- {\"type\":\"layout\",\"children\":[{\"type\":\"section\",\"props\":{\"image_position\":\"center-center\",\"style\":\"default\",\"title_breakpoint\":\"xl\",\"title_position\":\"top-left\",\"title_rotation\":\"left\",\"vertical_align\":\"middle\",\"width\":\"default\"},\"children\":[{\"type\":\"row\",\"children\":[{\"type\":\"column\",\"props\":{\"image_position\":\"center-center\",\"position_sticky_breakpoint\":\"m\"},\"children\":[{\"type\":\"headline\",\"props\":{\"content\":\"Legal notices\\n\",\"title_element\":\"h1\"}},{\"type\":\"text\",\"props\":{\"column_breakpoint\":\"m\",\"content\":\"\n\n<p>This site is edited by Fr\\u00e9d\\u00e9ric Bianchi<\\\/p>\\n\n\n<p>Web Resources, Fr\\u00e9d\\u00e9ric Bianchi<br \\\/>Ch. du Sal\\u00e8ve 9<br \\\/>1004 Lausanne<br \\\/>Switzerland<br \\\/>Email : frederic.bianchi@web-ressources.ch<\\\/p>\\n\n\n<p>Vaud Canton Commercial Register Number - IDE\\\/UID: CHE-114.699.961.<br \\\/>Publication manager: Fr\\u00e9d\\u00e9ric Bianchi <br \\\/>This site is hosted by Infomaniak Network SA<br \\\/>26, av. de La Praille<br \\\/>CH - 1227 Carouge<\\\/p>\",\"margin\":\"default\"}}]}]}]}],\"version\":\"4.5.19\",\"yooessentialsVersion\":\"2.3.12\"} --><\/p>\n","protected":false},"excerpt":{"rendered":"<p>Legal notices This site is edited by Fr\u00e9d\u00e9ric Bianchi Web Resources, Fr\u00e9d\u00e9ric BianchiCh. du Sal\u00e8ve 91004 LausanneSwitzerlandEmail : frederic.bianchi@web-ressources.ch Vaud Canton Commercial Register Number &#8211; IDE\/UID: CHE-114.699.961.Publication manager: Fr\u00e9d\u00e9ric Bianchi This site is hosted by Infomaniak Network SA26, av. de La PrailleCH &#8211; 1227 Carouge<\/p>\n","protected":false},"author":1,"featured_media":0,"parent":0,"menu_order":0,"comment_status":"closed","ping_status":"closed","template":"","meta":{"_acf_changed":false,"footnotes":""},"class_list":["post-409364","page","type-page","status-publish","hentry"],"acf":[],"_links":{"self":[{"href":"https:\/\/web-ressources.ch\/en\/wp-json\/wp\/v2\/pages\/409364","targetHints":{"allow":["GET"]}}],"collection":[{"href":"https:\/\/web-ressources.ch\/en\/wp-json\/wp\/v2\/pages"}],"about":[{"href":"https:\/\/web-ressources.ch\/en\/wp-json\/wp\/v2\/types\/page"}],"author":[{"embeddable":true,"href":"https:\/\/web-ressources.ch\/en\/wp-json\/wp\/v2\/users\/1"}],"replies":[{"embeddable":true,"href":"https:\/\/web-ressources.ch\/en\/wp-json\/wp\/v2\/comments?post=409364"}],"version-history":[{"count":4,"href":"https:\/\/web-ressources.ch\/en\/wp-json\/wp\/v2\/pages\/409364\/revisions"}],"predecessor-version":[{"id":409571,"href":"https:\/\/web-ressources.ch\/en\/wp-json\/wp\/v2\/pages\/409364\/revisions\/409571"}],"wp:attachment":[{"href":"https:\/\/web-ressources.ch\/en\/wp-json\/wp\/v2\/media?parent=409364"}],"curies":[{"name":"wp","href":"https:\/\/api.w.org\/{rel}","templated":true}]}}